{"id":3,"date":"2020-07-31T18:05:07","date_gmt":"2020-07-31T18:05:07","guid":{"rendered":"http:\/\/www.suizavet.com\/productos\/?page_id=3"},"modified":"2022-06-27T18:14:06","modified_gmt":"2022-06-27T18:14:06","slug":"politica-privacidad","status":"publish","type":"page","link":"https:\/\/www.suizavet.com\/productos\/politica-privacidad\/","title":{"rendered":"Pol\u00edtica de privacidad"},"content":{"rendered":"<div class=\"wpb-content-wrapper\"><p>[vc_row][vc_column][vc_column_text]<\/p>\n<p style=\"text-align: justify;\">SUIZA VET S.A.C. (en adelante, \u201cSUIZA VET\u201d), domiciliada en Avenida Angamos Oeste N\u00b0 300, Miraflores, Lima &#8211; Per\u00fa, ha creado esta Pol\u00edtica de Privacidad para demostrar su firme compromiso con la privacidad y la protecci\u00f3n de datos personales, respecto de los datos personales tratados en nuestra p\u00e1gina web www.suizalab.com (en adelante, la \u201cWeb\u201d).<\/p>\n<p style=\"text-align: justify;\">Nuestra Pol\u00edtica de Privacidad se encuentra en armon\u00eda con la normativa vigente sobre protecci\u00f3n de Datos Personales (Ley N\u00b0 29733 y Decreto Supremo 003-2013-JUS), la cual contiene las finalidades de la informaci\u00f3n que usted nos otorga, qui\u00e9nes son los encargados de tratarla, el tiempo de almacenamiento en nuestras Bases de Datos, las medidas de protecci\u00f3n y el procedimiento para ejercer sus derechos como titular de los Datos Personales.<\/p>\n<p>[\/vc_column_text][vc_tta_accordion][vc_tta_section title=\u00bb1. \u00bfQu\u00e9 informaci\u00f3n recopilamos?\u00bb tab_id=\u00bb1597696438197-6bf1702f-8b7b\u00bb][vc_column_text]<\/p>\n<p style=\"text-align: justify;\">Recolectamos informaci\u00f3n personal relativa al nombre, apellidos, cargo, empresa donde usted trabaja, su direcci\u00f3n, ciudad, tel\u00e9fono, correo electr\u00f3nico y otra necesaria para cumplir con los fines que se detallan m\u00e1s adelante. En nuestro sitio web, por medio de formularios virtuales contenidos en secciones como \u201cReserva su Cita\u201d o \u201cPruebas Gen\u00e9ticas\u201d, usted nos proporciona sus datos. Su informaci\u00f3n ser\u00e1 almacenada en el banco de datos denominado \u201cPacientes\u201d. Para poder remitirle informaci\u00f3n de tipo publicitaria, usted deber\u00e1 otorgar su autorizaci\u00f3n expresa por medio de los check box implementados en la Web, dado que sin su autorizaci\u00f3n, SUIZA VET se abstendr\u00e1 de enviarle este tipo de comunicaciones.<\/p>\n<p style=\"text-align: justify;\"><strong><span class=\"stronger\">Uso de cookies:<\/span>\u00a0<\/strong>Las cookies representan una compilaci\u00f3n de informaci\u00f3n almacenada directamente en la computadora que usted utiliza. Las cookies nos permiten recopilar informaci\u00f3n como el tipo de navegador, el tiempo de permanencia en la Web, las p\u00e1ginas visitadas y las preferencias de idioma. Utilizamos la informaci\u00f3n por motivos de seguridad, para facilitar la navegaci\u00f3n, mostrar informaci\u00f3n de dos formas m\u00e1s eficaz y para personalizar su experiencia al utilizar la Web. Adem\u00e1s, utilizamos cookies para obtener informaci\u00f3n estad\u00edstica sobre el uso de la Web a fin de mejorar continuamente su dise\u00f1o y funcionalidad, entender c\u00f3mo lo utilizan las personas y para ayudarnos a resolver preguntas sobre el mismo.<\/p>\n<p style=\"text-align: justify;\"><strong><span class=\"stronger\">Direcci\u00f3n de IP:<\/span>\u00a0<\/strong>Su direcci\u00f3n de IP es un n\u00famero que su proveedor de servicios de Internet (Internet Service Provider, ISP) asigna autom\u00e1ticamente a la computadora que est\u00e1 utilizando. Una direcci\u00f3n de IP se identifica y queda anotada autom\u00e1ticamente en nuestros archivos de registro de servidores cuando un usuario visita la Web, junto con la hora de visita y la(s) p\u00e1gina(s) visitada(s). La recopilaci\u00f3n de direcciones de IP es pr\u00e1ctica habitual en Internet y es realizada de forma autom\u00e1tica por muchos sitios web. Utilizamos las direcciones de IP para fines tales como calcular los niveles de uso de la Web, ayudar a diagnosticar problemas en el servidor y administrar el Sitio.<\/p>\n<p style=\"text-align: justify;\"><strong><span class=\"stronger\">Informaci\u00f3n del dispositivo:<\/span><\/strong>\u00a0Podremos recopilar informaci\u00f3n sobre su dispositivo m\u00f3vil, como un identificador de dispositivo \u00fanico.<\/p>\n<p style=\"text-align: left;\">Nuestro banco de datos se encuentra debidamente inscrito ante la Direcci\u00f3n General de Protecci\u00f3n de Datos Personales, seg\u00fan lo exige la normativa vigente actualmente. La informaci\u00f3n contenida en dicho banco de datos ser\u00e1 almacenada por un plazo indeterminado o hasta que usted solicite su cancelaci\u00f3n.<\/p>\n<p>[\/vc_column_text][\/vc_tta_section][vc_tta_section title=\u00bb2. \u00bfCu\u00e1nto tiempo almacenamos su informaci\u00f3n?\u00bb tab_id=\u00bb1597696549083-cec81f54-e075&#8243;][vc_column_text]<\/p>\n<p style=\"text-align: justify;\">Conservamos su informaci\u00f3n personal durante el per\u00edodo que sea necesario para cumplir con los fines establecidos en esta Pol\u00edtica de Privacidad, sin embargo, usted siempre podr\u00e1 solicitar la eliminaci\u00f3n de sus datos personales, conforme a ley.<\/p>\n<div id=\"gtx-trans\" style=\"position: absolute; left: -111px; top: -10px;\">\n<div class=\"gtx-trans-icon\"><\/div>\n<\/div>\n<p>[\/vc_column_text][\/vc_tta_section][vc_tta_section title=\u00bb3. \u00bfC\u00f3mo protegemos su informaci\u00f3n?\u00bb tab_id=\u00bb1597696601009-e643502a-9d4d\u00bb][vc_column_text]<\/p>\n<p style=\"text-align: justify;\">SUIZA VET cuenta con todas las medidas t\u00e9cnicas, legales y organizacionales necesarias para garantizar la seguridad y confidencialidad de sus datos personales; as\u00ed como para evitar cualquier manipulaci\u00f3n indebida, p\u00e9rdida accidental, destrucci\u00f3n o acceso no autorizado de terceros.<\/p>\n<p style=\"text-align: justify;\">Su informaci\u00f3n no ser\u00e1 vendida, transferida ni compartida sin su autorizaci\u00f3n y para fines ajenos a los que se describen a continuaci\u00f3n.<\/p>\n<p>[\/vc_column_text][\/vc_tta_section][vc_tta_section title=\u00bb4. \u00bfCon qu\u00e9 finalidad utilizamos su informaci\u00f3n?\u00bb tab_id=\u00bb1597696647601-e3420ede-ef68&#8243;][vc_column_text]<\/p>\n<p style=\"text-align: justify;\">Los datos personales que usted nos proporciona son utilizados para: (i) Remitir a su correo electr\u00f3nico informaci\u00f3n que usted nos ha solicitado sobre los servicios ofrecidos por la compa\u00f1\u00eda; (ii) Dar respuesta y tr\u00e1mite a consultas, solicitudes y quejas; (iii) Actualizar su informaci\u00f3n; (iv) Procesar y programar su cita m\u00e9dica; y, (v) cuando lo autorice, remitir a su correo electr\u00f3nico, n\u00famero telef\u00f3nico o direcci\u00f3n f\u00edsica, ofertas, promociones, beneficios, concursos y, en general, realizar publicidad sobre productos o servicios de SUIZA VET.<\/p>\n<p>[\/vc_column_text][\/vc_tta_section][vc_tta_section title=\u00bb5. \u00bfQui\u00e9n tiene acceso a su informaci\u00f3n?\u00bb tab_id=\u00bb1597696692716-5b385738-2b1b\u00bb][vc_column_text]<\/p>\n<p style=\"text-align: justify;\">Usted autoriza a SUIZA VET a compartir y encargar el tratamiento de su informaci\u00f3n personal a terceros que nos prestan servicios para mejorar nuestras actividades. En estos casos, SUIZA VET garantizar\u00e1 que el tratamiento de sus datos se limite a las finalidades antes autorizadas, que se mantenga confidencial y se implementen las medidas de seguridad adecuadas.<\/p>\n<p style=\"text-align: justify;\">Los terceros que realizar\u00e1n tratamiento de datos personales son los siguientes: OPTICAL TECHNOLOGIES S.A.C, con domicilio en Av. Jos\u00e9 Galvez Barrenechea 535, San Isidro, encargado de brindarnos el servicio de Host de la Web.<\/p>\n<p style=\"text-align: justify;\">SUIZA VET y los encargados de tratamiento que se ha designado, han adoptado todas las medidas de seguridad t\u00e9cnicas, legales y organizativas para el cuidado de la informaci\u00f3n, evitar su uso indebido y reducir los riesgos de p\u00e9rdida o filtraci\u00f3n. Cualquier variaci\u00f3n de los encargados de datos personales ser\u00e1 comunicada a su correo electr\u00f3nico.<\/p>\n<p>[\/vc_column_text][\/vc_tta_section][vc_tta_section title=\u00bb6. \u00bfC\u00f3mo puede ejercer sus derechos como titular de Datos Personales?\u00bb tab_id=\u00bb1597696742998-ec1f24d9-d6a9&#8243;][vc_column_text]SUIZA VET reconoce y garantiza el ejercicio de los derechos de acceso, rectificaci\u00f3n, cancelaci\u00f3n, oposici\u00f3n, informaci\u00f3n o revocaci\u00f3n que por Ley le asisten, para lo cual puede enviar una comunicaci\u00f3n al correo electr\u00f3nico marketing@suizalab.com o al domicilio ubicado en la Avenida Angamos Oeste N.\u00b0 300, Miraflores, Lima, Per\u00fa, con el asunto \u201cDerechos Datos Personales\u201d.[\/vc_column_text][\/vc_tta_section][vc_tta_section title=\u00bb7. Actualizaciones de la presente pol\u00edtica de privacidad\u00bb tab_id=\u00bb1597696769629-aaa89852-e6cb\u00bb][vc_column_text]Con motivo de la mejora continua de nuestros procesos, SUIZA VET podr\u00e1 realizar modificaciones y correcciones a esta Pol\u00edtica de Privacidad. Por favor, verifique estos t\u00e9rminos regularmente para consultar los cambios que puedan haber existido y de qu\u00e9 manera le pueden afectar.[\/vc_column_text][\/vc_tta_section][\/vc_tta_accordion][\/vc_column][\/vc_row]<\/p>\n<\/div>","protected":false},"excerpt":{"rendered":"<p>[vc_row][vc_column][vc_column_text] SUIZA VET S.A.C. (en adelante, \u201cSUIZA VET\u201d), domiciliada en Avenida Angamos Oeste N\u00b0 300, Miraflores, Lima &#8211; Per\u00fa, ha creado esta Pol\u00edtica de Privacidad para demostrar su firme compromiso con la privacidad y la protecci\u00f3n de datos personales, respecto de los datos personales tratados en nuestra p\u00e1gina web www.suizalab.com (en adelante, la \u201cWeb\u201d). Nuestra [&hellip;]<\/p>\n","protected":false},"author":1,"featured_media":0,"parent":0,"menu_order":0,"comment_status":"closed","ping_status":"open","template":"","meta":{"_acf_changed":false,"footnotes":""},"class_list":["post-3","page","type-page","status-publish","hentry"],"acf":[],"_links":{"self":[{"href":"https:\/\/www.suizavet.com\/productos\/wp-json\/wp\/v2\/pages\/3","targetHints":{"allow":["GET"]}}],"collection":[{"href":"https:\/\/www.suizavet.com\/productos\/wp-json\/wp\/v2\/pages"}],"about":[{"href":"https:\/\/www.suizavet.com\/productos\/wp-json\/wp\/v2\/types\/page"}],"author":[{"embeddable":true,"href":"https:\/\/www.suizavet.com\/productos\/wp-json\/wp\/v2\/users\/1"}],"replies":[{"embeddable":true,"href":"https:\/\/www.suizavet.com\/productos\/wp-json\/wp\/v2\/comments?post=3"}],"version-history":[{"count":4,"href":"https:\/\/www.suizavet.com\/productos\/wp-json\/wp\/v2\/pages\/3\/revisions"}],"predecessor-version":[{"id":11784,"href":"https:\/\/www.suizavet.com\/productos\/wp-json\/wp\/v2\/pages\/3\/revisions\/11784"}],"wp:attachment":[{"href":"https:\/\/www.suizavet.com\/productos\/wp-json\/wp\/v2\/media?parent=3"}],"curies":[{"name":"wp","href":"https:\/\/api.w.org\/{rel}","templated":true}]}}